{"id":30793,"date":"2025-10-24T11:44:04","date_gmt":"2025-10-24T08:44:04","guid":{"rendered":"https:\/\/urbietorbi.gr\/zero-waste-project\/"},"modified":"2025-12-09T04:03:05","modified_gmt":"2025-12-09T02:03:05","slug":"zero-waste-project","status":"publish","type":"page","link":"https:\/\/urbietorbi.gr\/fr\/zero-waste-project\/","title":{"rendered":"Zero Waste Project"},"content":{"rendered":"\t\t<div data-elementor-type=\"wp-page\" data-elementor-id=\"30793\" class=\"elementor elementor-30793 elementor-30717\" data-elementor-post-type=\"page\">\n\t\t\t\t<div class=\"elementor-element elementor-element-622b3af9 e-con-full e-flex e-con e-parent\" data-id=\"622b3af9\" data-element_type=\"container\" data-e-type=\"container\" data-settings=\"{&quot;background_background&quot;:&quot;classic&quot;}\">\n\t\t<div class=\"elementor-element elementor-element-2d647764 e-con-full e-flex e-con e-child\" data-id=\"2d647764\" data-element_type=\"container\" data-e-type=\"container\">\n\t\t\t\t<div class=\"elementor-element elementor-element-73dd6dbd elementor-widget elementor-widget-heading\" data-id=\"73dd6dbd\" data-element_type=\"widget\" data-e-type=\"widget\" data-widget_type=\"heading.default\">\n\t\t\t\t\t<h2 class=\"elementor-heading-title elementor-size-default\">PROJET Z\u00c9RO D\u00c9CHET<\/h2>\t\t\t\t<\/div>\n\t\t\t\t<\/div>\n\t\t\t\t<\/div>\n\t\t<div class=\"elementor-element elementor-element-7483c4ad e-con-full e-flex e-con e-parent\" data-id=\"7483c4ad\" data-element_type=\"container\" data-e-type=\"container\" data-settings=\"{&quot;background_background&quot;:&quot;classic&quot;}\">\n\t\t<div class=\"elementor-element elementor-element-2d9b7b12 e-con-full e-flex e-con e-child\" data-id=\"2d9b7b12\" data-element_type=\"container\" data-e-type=\"container\" data-settings=\"{&quot;background_background&quot;:&quot;classic&quot;}\">\n\t\t\t\t<div class=\"elementor-element elementor-element-9bab553 elementor-widget elementor-widget-image\" data-id=\"9bab553\" data-element_type=\"widget\" data-e-type=\"widget\" data-widget_type=\"image.default\">\n\t\t\t\t\t\t\t\t\t\t\t\t\t\t\t<img decoding=\"async\" width=\"150\" height=\"150\" src=\"https:\/\/urbietorbi.gr\/wp-content\/uploads\/2025\/10\/LOGO-WASTE-without-number2-150x150.png\" class=\"attachment-thumbnail size-thumbnail wp-image-30777\" alt=\"Zero Waste Project\" srcset=\"https:\/\/urbietorbi.gr\/wp-content\/uploads\/2025\/10\/LOGO-WASTE-without-number2-150x150.png 150w, https:\/\/urbietorbi.gr\/wp-content\/uploads\/2025\/10\/LOGO-WASTE-without-number2-300x300.png 300w, https:\/\/urbietorbi.gr\/wp-content\/uploads\/2025\/10\/LOGO-WASTE-without-number2-768x768.png 768w, https:\/\/urbietorbi.gr\/wp-content\/uploads\/2025\/10\/LOGO-WASTE-without-number2-600x600.png 600w, https:\/\/urbietorbi.gr\/wp-content\/uploads\/2025\/10\/LOGO-WASTE-without-number2-100x100.png 100w, https:\/\/urbietorbi.gr\/wp-content\/uploads\/2025\/10\/LOGO-WASTE-without-number2.png 1000w\" sizes=\"(max-width: 150px) 100vw, 150px\" \/>\t\t\t\t\t\t\t\t\t\t\t\t\t\t\t<\/div>\n\t\t\t\t<div class=\"elementor-element elementor-element-a9429ae elementor-widget elementor-widget-text-editor\" data-id=\"a9429ae\" data-element_type=\"widget\" data-e-type=\"widget\" data-widget_type=\"text-editor.default\">\n\t\t\t\t\t\t\t\t\t<p>Ce que l\u2019on appelle habituellement d\u00e9chets industriels, nous les appelons mati\u00e8res premi\u00e8res secondaires.<\/p><p>En 2020, Urbi et Orbi ont lanc\u00e9 une initiative d\u2019\u00e9conomie circulaire, appel\u00e9e \u00abProjet z\u00e9ro d\u00e9chet\u00bb. En utilisant et r\u00e9utilisant nos d\u00e9chets industriels, nous contribuons humblement \u00e0 l\u2019effort mondial de durabilit\u00e9 visant \u00e0 limiter les lacunes des d\u00e9chets. <\/p><p><strong>Notre technique :<\/strong><\/p><p>Les d\u00e9bris de b\u00e9ton restants remplacent une grande partie d\u2019autres graviers et agr\u00e9gats utilis\u00e9s dans le m\u00e9lange du nouveau b\u00e9ton.<\/p><p>Lors du traitement de nos produits (sciage, meulage, etc. ), un collecteur de poussi\u00e8res robuste est utilis\u00e9 pour collecter les d\u00e9chets de poussi\u00e8re de b\u00e9ton, qui sont par la suite utilis\u00e9s comme mat\u00e9riau de remplissage dans un nouveau m\u00e9lange de b\u00e9ton, lui donnant une nouvelle vie et un nouvel objectif \u00e0 travers un nouveau produit.<\/p><p><strong>Qu\u2019est-ce que cela signifie pour vous ?<\/strong><\/p><p>Les produits inclus dans le \u00abProjet Z\u00e9ro D\u00e9chet\u00bb contiennent entre 20 et 80% de mati\u00e8res premi\u00e8res exc\u00e9dentaires recycl\u00e9es dans leur m\u00e9lange, en respectant strictement les exigences essentielles de qualit\u00e9 et de s\u00e9curit\u00e9 tout en veillant toujours \u00e0 ce que les valeurs et engagements fondamentaux de notre entreprise, en mati\u00e8re d\u2019artisanat, soient respect\u00e9s.<\/p><p>L\u2019utilisation des mati\u00e8res premi\u00e8res restantes introduisent une nouvelle finition terrazzo laquelle vous pouvez choisir, avec diff\u00e9rents agr\u00e9gats color\u00e9s, ainsi que celle d\u00e9ja t\u00e9st\u00e9e et prouv\u00e9e uniforme, autrement d\u00e9nom\u00e9e finition \u00ab sable \u00bb, au sein de laquelle les agr\u00e9gats sont invisibles.<\/p><p>En choisissant un produit \u00ab Projet Z\u00e9ro D\u00e9chet \u00bb, vous participez activement au mouvement international de gestion et r\u00e9duction des d\u00e9chets industriels.<\/p><p>Pour en savoir plus sur les produits inclus dans le projet Z\u00e9ro d\u00e9chet, recherchez la banni\u00e8re de recyclage avec le pourcentage unique de mat\u00e9riaux z\u00e9ro d\u00e9chet inclus dans chaque produit. Ces produits contribuent \u00e0 la satisfaction \u00ab Contenu de recyclage \u00bb sous le syst\u00e8me d\u2019 \u00e9valuation et de certification LEED\u00ae. <\/p>\t\t\t\t\t\t\t\t<\/div>\n\t\t\t\t<\/div>\n\t\t\t\t<\/div>\n\t\t<div class=\"elementor-element elementor-element-0b6ad8d e-flex e-con-boxed e-con e-parent\" data-id=\"0b6ad8d\" data-element_type=\"container\" data-e-type=\"container\">\n\t\t\t\t\t<div class=\"e-con-inner\">\n\t\t\t\t<div class=\"elementor-element elementor-element-77e7413 gallery-spacing-custom elementor-widget elementor-widget-image-gallery\" data-id=\"77e7413\" data-element_type=\"widget\" data-e-type=\"widget\" data-widget_type=\"image-gallery.default\">\n\t\t\t\t\t\t\t<div class=\"elementor-image-gallery\">\n\t\t\t<div id='gallery-1' class='gallery galleryid-30793 gallery-columns-3 gallery-size-medium_large'><figure class='gallery-item'>\n\t\t\t<div class='gallery-icon landscape'>\n\t\t\t\t<a data-elementor-open-lightbox=\"yes\" data-elementor-lightbox-slideshow=\"77e7413\" data-elementor-lightbox-title=\"Grey Rubble Closeup\" data-e-action-hash=\"#elementor-action%3Aaction%3Dlightbox%26settings%3DeyJpZCI6MzA3NjEsInVybCI6Imh0dHBzOlwvXC91cmJpZXRvcmJpLmdyXC93cC1jb250ZW50XC91cGxvYWRzXC8yMDI1XC8xMFwvR3JleV9ydWJibGVfY2xvc2V1cC5qcGciLCJzbGlkZXNob3ciOiI3N2U3NDEzIn0%3D\" href='https:\/\/urbietorbi.gr\/wp-content\/uploads\/2025\/10\/Grey_rubble_closeup.jpg'><img fetchpriority=\"high\" decoding=\"async\" width=\"768\" height=\"511\" src=\"https:\/\/urbietorbi.gr\/wp-content\/uploads\/2025\/10\/Grey_rubble_closeup-768x511.jpg\" class=\"attachment-medium_large size-medium_large\" alt=\"\" srcset=\"https:\/\/urbietorbi.gr\/wp-content\/uploads\/2025\/10\/Grey_rubble_closeup-768x511.jpg 768w, https:\/\/urbietorbi.gr\/wp-content\/uploads\/2025\/10\/Grey_rubble_closeup-300x200.jpg 300w, https:\/\/urbietorbi.gr\/wp-content\/uploads\/2025\/10\/Grey_rubble_closeup-600x400.jpg 600w, https:\/\/urbietorbi.gr\/wp-content\/uploads\/2025\/10\/Grey_rubble_closeup.jpg 1000w\" sizes=\"(max-width: 768px) 100vw, 768px\" \/><\/a>\n\t\t\t<\/div><\/figure><figure class='gallery-item'>\n\t\t\t<div class='gallery-icon landscape'>\n\t\t\t\t<a data-elementor-open-lightbox=\"yes\" data-elementor-lightbox-slideshow=\"77e7413\" data-elementor-lightbox-title=\"GREEn Rubble Closeup\" data-e-action-hash=\"#elementor-action%3Aaction%3Dlightbox%26settings%3DeyJpZCI6MzA3NjYsInVybCI6Imh0dHBzOlwvXC91cmJpZXRvcmJpLmdyXC93cC1jb250ZW50XC91cGxvYWRzXC8yMDI1XC8xMFwvR1JFRW5fcnViYmxlX2Nsb3NldXAuanBnIiwic2xpZGVzaG93IjoiNzdlNzQxMyJ9\" href='https:\/\/urbietorbi.gr\/wp-content\/uploads\/2025\/10\/GREEn_rubble_closeup.jpg'><img decoding=\"async\" width=\"768\" height=\"511\" src=\"https:\/\/urbietorbi.gr\/wp-content\/uploads\/2025\/10\/GREEn_rubble_closeup-768x511.jpg\" class=\"attachment-medium_large size-medium_large\" alt=\"recycled concrete products made from dust and fragments\" srcset=\"https:\/\/urbietorbi.gr\/wp-content\/uploads\/2025\/10\/GREEn_rubble_closeup-768x511.jpg 768w, https:\/\/urbietorbi.gr\/wp-content\/uploads\/2025\/10\/GREEn_rubble_closeup-300x200.jpg 300w, https:\/\/urbietorbi.gr\/wp-content\/uploads\/2025\/10\/GREEn_rubble_closeup-600x400.jpg 600w, https:\/\/urbietorbi.gr\/wp-content\/uploads\/2025\/10\/GREEn_rubble_closeup.jpg 1000w\" sizes=\"(max-width: 768px) 100vw, 768px\" \/><\/a>\n\t\t\t<\/div><\/figure><figure class='gallery-item'>\n\t\t\t<div class='gallery-icon landscape'>\n\t\t\t\t<a data-elementor-open-lightbox=\"yes\" data-elementor-lightbox-slideshow=\"77e7413\" data-elementor-lightbox-title=\"Copylow Res Site 1\" data-e-action-hash=\"#elementor-action%3Aaction%3Dlightbox%26settings%3DeyJpZCI6MzA3NDYsInVybCI6Imh0dHBzOlwvXC91cmJpZXRvcmJpLmdyXC93cC1jb250ZW50XC91cGxvYWRzXC8yMDI1XC8xMFwvQ29weWxvdy1yZXMtc2l0ZS0xLmpwZyIsInNsaWRlc2hvdyI6Ijc3ZTc0MTMifQ%3D%3D\" href='https:\/\/urbietorbi.gr\/wp-content\/uploads\/2025\/10\/Copylow-res-site-1.jpg'><img loading=\"lazy\" decoding=\"async\" width=\"768\" height=\"511\" src=\"https:\/\/urbietorbi.gr\/wp-content\/uploads\/2025\/10\/Copylow-res-site-1-768x511.jpg\" class=\"attachment-medium_large size-medium_large\" alt=\"recycled concrete products made from dust and fragments\" srcset=\"https:\/\/urbietorbi.gr\/wp-content\/uploads\/2025\/10\/Copylow-res-site-1-768x511.jpg 768w, https:\/\/urbietorbi.gr\/wp-content\/uploads\/2025\/10\/Copylow-res-site-1-300x200.jpg 300w, https:\/\/urbietorbi.gr\/wp-content\/uploads\/2025\/10\/Copylow-res-site-1-600x400.jpg 600w, https:\/\/urbietorbi.gr\/wp-content\/uploads\/2025\/10\/Copylow-res-site-1.jpg 1000w\" sizes=\"(max-width: 768px) 100vw, 768px\" \/><\/a>\n\t\t\t<\/div><\/figure><figure class='gallery-item'>\n\t\t\t<div class='gallery-icon landscape'>\n\t\t\t\t<a data-elementor-open-lightbox=\"yes\" data-elementor-lightbox-slideshow=\"77e7413\" data-elementor-lightbox-title=\"Concrete Rubble Closeup Hammer\" data-e-action-hash=\"#elementor-action%3Aaction%3Dlightbox%26settings%3DeyJpZCI6MzA3MzEsInVybCI6Imh0dHBzOlwvXC91cmJpZXRvcmJpLmdyXC93cC1jb250ZW50XC91cGxvYWRzXC8yMDI1XC8xMFwvQ29uY3JldGVfcnViYmxlX2Nsb3NldXBfaGFtbWVyLmpwZyIsInNsaWRlc2hvdyI6Ijc3ZTc0MTMifQ%3D%3D\" href='https:\/\/urbietorbi.gr\/wp-content\/uploads\/2025\/10\/Concrete_rubble_closeup_hammer.jpg'><img loading=\"lazy\" decoding=\"async\" width=\"768\" height=\"511\" src=\"https:\/\/urbietorbi.gr\/wp-content\/uploads\/2025\/10\/Concrete_rubble_closeup_hammer-768x511.jpg\" class=\"attachment-medium_large size-medium_large\" alt=\"zero waste concrete design by Urbi et Orbi\" srcset=\"https:\/\/urbietorbi.gr\/wp-content\/uploads\/2025\/10\/Concrete_rubble_closeup_hammer-768x511.jpg 768w, https:\/\/urbietorbi.gr\/wp-content\/uploads\/2025\/10\/Concrete_rubble_closeup_hammer-300x200.jpg 300w, https:\/\/urbietorbi.gr\/wp-content\/uploads\/2025\/10\/Concrete_rubble_closeup_hammer-600x400.jpg 600w, https:\/\/urbietorbi.gr\/wp-content\/uploads\/2025\/10\/Concrete_rubble_closeup_hammer.jpg 1000w\" sizes=\"(max-width: 768px) 100vw, 768px\" \/><\/a>\n\t\t\t<\/div><\/figure><figure class='gallery-item'>\n\t\t\t<div class='gallery-icon landscape'>\n\t\t\t\t<a data-elementor-open-lightbox=\"yes\" data-elementor-lightbox-slideshow=\"77e7413\" data-elementor-lightbox-title=\"Concrete Rubble Closeup Hand\" data-e-action-hash=\"#elementor-action%3Aaction%3Dlightbox%26settings%3DeyJpZCI6MzA3NDEsInVybCI6Imh0dHBzOlwvXC91cmJpZXRvcmJpLmdyXC93cC1jb250ZW50XC91cGxvYWRzXC8yMDI1XC8xMFwvQ29uY3JldGVfcnViYmxlX2Nsb3NldXBfaGFuZC5qcGciLCJzbGlkZXNob3ciOiI3N2U3NDEzIn0%3D\" href='https:\/\/urbietorbi.gr\/wp-content\/uploads\/2025\/10\/Concrete_rubble_closeup_hand.jpg'><img loading=\"lazy\" decoding=\"async\" width=\"768\" height=\"511\" src=\"https:\/\/urbietorbi.gr\/wp-content\/uploads\/2025\/10\/Concrete_rubble_closeup_hand-768x511.jpg\" class=\"attachment-medium_large size-medium_large\" alt=\"zero waste concrete design by Urbi et Orbi\" srcset=\"https:\/\/urbietorbi.gr\/wp-content\/uploads\/2025\/10\/Concrete_rubble_closeup_hand-768x511.jpg 768w, https:\/\/urbietorbi.gr\/wp-content\/uploads\/2025\/10\/Concrete_rubble_closeup_hand-300x200.jpg 300w, https:\/\/urbietorbi.gr\/wp-content\/uploads\/2025\/10\/Concrete_rubble_closeup_hand-600x400.jpg 600w, https:\/\/urbietorbi.gr\/wp-content\/uploads\/2025\/10\/Concrete_rubble_closeup_hand.jpg 1000w\" sizes=\"(max-width: 768px) 100vw, 768px\" \/><\/a>\n\t\t\t<\/div><\/figure><figure class='gallery-item'>\n\t\t\t<div class='gallery-icon landscape'>\n\t\t\t\t<a data-elementor-open-lightbox=\"yes\" data-elementor-lightbox-slideshow=\"77e7413\" data-elementor-lightbox-title=\"Concrete Rubble Closeup Hand Pebble\" data-e-action-hash=\"#elementor-action%3Aaction%3Dlightbox%26settings%3DeyJpZCI6MzA3MzYsInVybCI6Imh0dHBzOlwvXC91cmJpZXRvcmJpLmdyXC93cC1jb250ZW50XC91cGxvYWRzXC8yMDI1XC8xMFwvQ29uY3JldGVfcnViYmxlX2Nsb3NldXBfaGFuZF9wZWJibGUuanBnIiwic2xpZGVzaG93IjoiNzdlNzQxMyJ9\" href='https:\/\/urbietorbi.gr\/wp-content\/uploads\/2025\/10\/Concrete_rubble_closeup_hand_pebble.jpg'><img loading=\"lazy\" decoding=\"async\" width=\"768\" height=\"511\" src=\"https:\/\/urbietorbi.gr\/wp-content\/uploads\/2025\/10\/Concrete_rubble_closeup_hand_pebble-768x511.jpg\" class=\"attachment-medium_large size-medium_large\" alt=\"zero waste concrete design by Urbi et Orbi\" srcset=\"https:\/\/urbietorbi.gr\/wp-content\/uploads\/2025\/10\/Concrete_rubble_closeup_hand_pebble-768x511.jpg 768w, https:\/\/urbietorbi.gr\/wp-content\/uploads\/2025\/10\/Concrete_rubble_closeup_hand_pebble-300x200.jpg 300w, https:\/\/urbietorbi.gr\/wp-content\/uploads\/2025\/10\/Concrete_rubble_closeup_hand_pebble-600x400.jpg 600w, https:\/\/urbietorbi.gr\/wp-content\/uploads\/2025\/10\/Concrete_rubble_closeup_hand_pebble.jpg 1000w\" sizes=\"(max-width: 768px) 100vw, 768px\" \/><\/a>\n\t\t\t<\/div><\/figure><figure class='gallery-item'>\n\t\t\t<div class='gallery-icon landscape'>\n\t\t\t\t<a data-elementor-open-lightbox=\"yes\" data-elementor-lightbox-slideshow=\"77e7413\" data-elementor-lightbox-title=\"DSC 4028 Copy\" data-e-action-hash=\"#elementor-action%3Aaction%3Dlightbox%26settings%3DeyJpZCI6MzA3NTEsInVybCI6Imh0dHBzOlwvXC91cmJpZXRvcmJpLmdyXC93cC1jb250ZW50XC91cGxvYWRzXC8yMDI1XC8xMFwvRFNDXzQwMjgtY29weS5qcGciLCJzbGlkZXNob3ciOiI3N2U3NDEzIn0%3D\" href='https:\/\/urbietorbi.gr\/wp-content\/uploads\/2025\/10\/DSC_4028-copy.jpg'><img loading=\"lazy\" decoding=\"async\" width=\"768\" height=\"511\" src=\"https:\/\/urbietorbi.gr\/wp-content\/uploads\/2025\/10\/DSC_4028-copy-768x511.jpg\" class=\"attachment-medium_large size-medium_large\" alt=\"recycled concrete products made from dust and fragments\" srcset=\"https:\/\/urbietorbi.gr\/wp-content\/uploads\/2025\/10\/DSC_4028-copy-768x511.jpg 768w, https:\/\/urbietorbi.gr\/wp-content\/uploads\/2025\/10\/DSC_4028-copy-300x200.jpg 300w, https:\/\/urbietorbi.gr\/wp-content\/uploads\/2025\/10\/DSC_4028-copy-600x400.jpg 600w, https:\/\/urbietorbi.gr\/wp-content\/uploads\/2025\/10\/DSC_4028-copy.jpg 1000w\" sizes=\"(max-width: 768px) 100vw, 768px\" \/><\/a>\n\t\t\t<\/div><\/figure><figure class='gallery-item'>\n\t\t\t<div class='gallery-icon landscape'>\n\t\t\t\t<a data-elementor-open-lightbox=\"yes\" data-elementor-lightbox-slideshow=\"77e7413\" data-elementor-lightbox-title=\"DSC 4031 Copy\" data-e-action-hash=\"#elementor-action%3Aaction%3Dlightbox%26settings%3DeyJpZCI6MzA3NTYsInVybCI6Imh0dHBzOlwvXC91cmJpZXRvcmJpLmdyXC93cC1jb250ZW50XC91cGxvYWRzXC8yMDI1XC8xMFwvRFNDXzQwMzEtY29weS5qcGciLCJzbGlkZXNob3ciOiI3N2U3NDEzIn0%3D\" href='https:\/\/urbietorbi.gr\/wp-content\/uploads\/2025\/10\/DSC_4031-copy.jpg'><img loading=\"lazy\" decoding=\"async\" width=\"768\" height=\"511\" src=\"https:\/\/urbietorbi.gr\/wp-content\/uploads\/2025\/10\/DSC_4031-copy-768x511.jpg\" class=\"attachment-medium_large size-medium_large\" alt=\"sustainable concrete materials \u2013 Zero Waste Project\" srcset=\"https:\/\/urbietorbi.gr\/wp-content\/uploads\/2025\/10\/DSC_4031-copy-768x511.jpg 768w, https:\/\/urbietorbi.gr\/wp-content\/uploads\/2025\/10\/DSC_4031-copy-300x200.jpg 300w, https:\/\/urbietorbi.gr\/wp-content\/uploads\/2025\/10\/DSC_4031-copy-600x400.jpg 600w, https:\/\/urbietorbi.gr\/wp-content\/uploads\/2025\/10\/DSC_4031-copy.jpg 1000w\" sizes=\"(max-width: 768px) 100vw, 768px\" \/><\/a>\n\t\t\t<\/div><\/figure>\n\t\t<\/div>\n\t\t<\/div>\n\t\t\t\t\t\t<\/div>\n\t\t\t\t\t<\/div>\n\t\t\t\t<\/div>\n\t\t<div class=\"elementor-element elementor-element-57b1bd9 e-flex e-con-boxed e-con e-parent\" data-id=\"57b1bd9\" data-element_type=\"container\" data-e-type=\"container\">\n\t\t\t\t\t<div class=\"e-con-inner\">\n\t\t\t\t<div class=\"elementor-element elementor-element-ac4ab3d elementor-widget elementor-widget-video\" data-id=\"ac4ab3d\" data-element_type=\"widget\" data-e-type=\"widget\" data-settings=\"{&quot;youtube_url&quot;:&quot;https:\\\/\\\/youtu.be\\\/g-zpnDHN9Xc&quot;,&quot;video_type&quot;:&quot;youtube&quot;,&quot;controls&quot;:&quot;yes&quot;}\" data-widget_type=\"video.default\">\n\t\t\t\t\t\t\t<div class=\"elementor-wrapper elementor-open-inline\">\n\t\t\t<div class=\"elementor-video\"><\/div>\t\t<\/div>\n\t\t\t\t\t\t<\/div>\n\t\t\t\t\t<\/div>\n\t\t\t\t<\/div>\n\t\t<div class=\"elementor-element elementor-element-b3b4818 e-flex e-con-boxed e-con e-parent\" data-id=\"b3b4818\" data-element_type=\"container\" data-e-type=\"container\">\n\t\t\t\t\t<div class=\"e-con-inner\">\n\t\t\t\t<div class=\"elementor-element elementor-element-953b4db elementor-widget elementor-widget-video\" data-id=\"953b4db\" data-element_type=\"widget\" data-e-type=\"widget\" data-settings=\"{&quot;youtube_url&quot;:&quot;https:\\\/\\\/www.youtube.com\\\/watch?v=hi2uMaMaK0c&quot;,&quot;video_type&quot;:&quot;youtube&quot;,&quot;controls&quot;:&quot;yes&quot;}\" data-widget_type=\"video.default\">\n\t\t\t\t\t\t\t<div class=\"elementor-wrapper elementor-open-inline\">\n\t\t\t<div class=\"elementor-video\"><\/div>\t\t<\/div>\n\t\t\t\t\t\t<\/div>\n\t\t\t\t\t<\/div>\n\t\t\t\t<\/div>\n\t\t\t\t<\/div>\n\t\t","protected":false},"excerpt":{"rendered":"<p>PROJET Z\u00c9RO D\u00c9CHET Ce que l\u2019on appelle habituellement d\u00e9chets industriels, nous les appelons mati\u00e8res premi\u00e8res secondaires. En 2020, Urbi et Orbi ont lanc\u00e9 une initiative d\u2019\u00e9conomie circulaire, appel\u00e9e \u00abProjet z\u00e9ro d\u00e9chet\u00bb. En utilisant et r\u00e9utilisant nos d\u00e9chets industriels, nous contribuons humblement \u00e0 l\u2019effort mondial de durabilit\u00e9 visant \u00e0 limiter les lacunes des d\u00e9chets. Notre technique [&hellip;]<\/p>\n","protected":false},"author":1,"featured_media":0,"parent":0,"menu_order":0,"comment_status":"closed","ping_status":"closed","template":"","meta":{"_acf_changed":false,"inline_featured_image":false,"footnotes":""},"class_list":["post-30793","page","type-page","status-publish","hentry"],"acf":[],"_links":{"self":[{"href":"https:\/\/urbietorbi.gr\/fr\/wp-json\/wp\/v2\/pages\/30793","targetHints":{"allow":["GET"]}}],"collection":[{"href":"https:\/\/urbietorbi.gr\/fr\/wp-json\/wp\/v2\/pages"}],"about":[{"href":"https:\/\/urbietorbi.gr\/fr\/wp-json\/wp\/v2\/types\/page"}],"author":[{"embeddable":true,"href":"https:\/\/urbietorbi.gr\/fr\/wp-json\/wp\/v2\/users\/1"}],"replies":[{"embeddable":true,"href":"https:\/\/urbietorbi.gr\/fr\/wp-json\/wp\/v2\/comments?post=30793"}],"version-history":[{"count":4,"href":"https:\/\/urbietorbi.gr\/fr\/wp-json\/wp\/v2\/pages\/30793\/revisions"}],"predecessor-version":[{"id":35994,"href":"https:\/\/urbietorbi.gr\/fr\/wp-json\/wp\/v2\/pages\/30793\/revisions\/35994"}],"wp:attachment":[{"href":"https:\/\/urbietorbi.gr\/fr\/wp-json\/wp\/v2\/media?parent=30793"}],"curies":[{"name":"wp","href":"https:\/\/api.w.org\/{rel}","templated":true}]}}