{"id":30791,"date":"2025-10-24T11:44:04","date_gmt":"2025-10-24T08:44:04","guid":{"rendered":"https:\/\/urbietorbi.gr\/zero-waste-project\/"},"modified":"2025-12-09T04:04:09","modified_gmt":"2025-12-09T02:04:09","slug":"zero-waste-project","status":"publish","type":"page","link":"https:\/\/urbietorbi.gr\/de\/zero-waste-project\/","title":{"rendered":"Zero Waste Project"},"content":{"rendered":"\t\t<div data-elementor-type=\"wp-page\" data-elementor-id=\"30791\" class=\"elementor elementor-30791 elementor-30717\" data-elementor-post-type=\"page\">\n\t\t\t\t<div class=\"elementor-element elementor-element-622b3af9 e-con-full e-flex e-con e-parent\" data-id=\"622b3af9\" data-element_type=\"container\" data-e-type=\"container\" data-settings=\"{&quot;background_background&quot;:&quot;classic&quot;}\">\n\t\t<div class=\"elementor-element elementor-element-2d647764 e-con-full e-flex e-con e-child\" data-id=\"2d647764\" data-element_type=\"container\" data-e-type=\"container\">\n\t\t\t\t<div class=\"elementor-element elementor-element-73dd6dbd elementor-widget elementor-widget-heading\" data-id=\"73dd6dbd\" data-element_type=\"widget\" data-e-type=\"widget\" data-widget_type=\"heading.default\">\n\t\t\t\t\t<h2 class=\"elementor-heading-title elementor-size-default\">ZERO-WASTE-PROJEKT<\/h2>\t\t\t\t<\/div>\n\t\t\t\t<\/div>\n\t\t\t\t<\/div>\n\t\t<div class=\"elementor-element elementor-element-7483c4ad e-con-full e-flex e-con e-parent\" data-id=\"7483c4ad\" data-element_type=\"container\" data-e-type=\"container\" data-settings=\"{&quot;background_background&quot;:&quot;classic&quot;}\">\n\t\t<div class=\"elementor-element elementor-element-2d9b7b12 e-con-full e-flex e-con e-child\" data-id=\"2d9b7b12\" data-element_type=\"container\" data-e-type=\"container\" data-settings=\"{&quot;background_background&quot;:&quot;classic&quot;}\">\n\t\t\t\t<div class=\"elementor-element elementor-element-9bab553 elementor-widget elementor-widget-image\" data-id=\"9bab553\" data-element_type=\"widget\" data-e-type=\"widget\" data-widget_type=\"image.default\">\n\t\t\t\t\t\t\t\t\t\t\t\t\t\t\t<img decoding=\"async\" width=\"150\" height=\"150\" src=\"https:\/\/urbietorbi.gr\/wp-content\/uploads\/2025\/10\/LOGO-WASTE-without-number2-150x150.png\" class=\"attachment-thumbnail size-thumbnail wp-image-30778\" alt=\"Zero Waste Project\" srcset=\"https:\/\/urbietorbi.gr\/wp-content\/uploads\/2025\/10\/LOGO-WASTE-without-number2-150x150.png 150w, https:\/\/urbietorbi.gr\/wp-content\/uploads\/2025\/10\/LOGO-WASTE-without-number2-300x300.png 300w, https:\/\/urbietorbi.gr\/wp-content\/uploads\/2025\/10\/LOGO-WASTE-without-number2-768x768.png 768w, https:\/\/urbietorbi.gr\/wp-content\/uploads\/2025\/10\/LOGO-WASTE-without-number2-600x600.png 600w, https:\/\/urbietorbi.gr\/wp-content\/uploads\/2025\/10\/LOGO-WASTE-without-number2-100x100.png 100w, https:\/\/urbietorbi.gr\/wp-content\/uploads\/2025\/10\/LOGO-WASTE-without-number2.png 1000w\" sizes=\"(max-width: 150px) 100vw, 150px\" \/>\t\t\t\t\t\t\t\t\t\t\t\t\t\t\t<\/div>\n\t\t\t\t<div class=\"elementor-element elementor-element-a9429ae elementor-widget elementor-widget-text-editor\" data-id=\"a9429ae\" data-element_type=\"widget\" data-e-type=\"widget\" data-widget_type=\"text-editor.default\">\n\t\t\t\t\t\t\t\t\t<p>Was \u00fcblicherweise als Industrieabfall bezeichnet wird, nennen wir Sekund\u00e4rrohstoffe.<\/p><p>Im Jahr 2020 startete Urbi et Orbi eine Initiative zur Kreislaufwirtschaft mit dem Namen \u201eZero Waste Project\u201c. Durch die Verwendung und Umnutzung unserer Industrieabf\u00e4lle tragen wir dem\u00fctig zu den globalen Nachhaltigkeitsbem\u00fchungen bei, die Abfalll\u00fccke zu schlie\u00dfen. <\/p><p><strong>Wie gelingt uns das?<\/strong><\/p><p>Die \u00fcbrig gebliebenen Betonschuttteile ersetzen einen gro\u00dfen Teil anderer Kiese und Zuschlagstoffe, die beim Mischen von neuem Beton verwendet werden.<\/p><p>W\u00e4hrend der Behandlung unserer Produkte (S\u00e4gen, Schleifen usw.) wird ein Hochleistungsstaubsammler eingesetzt, um den Betonstaubabfall zu sammeln, der dann als F\u00fcllmaterial in einer neuen Betonmischung verwendet wird und ihm ein neues Leben und einen neuen Zweck in einem neuen Produkt verleiht.<\/p><p><strong>Was bedeutet das f\u00fcr Sie?<\/strong><\/p><p>Die Produkte, die im \u201eZero Waste Project\u201c enthalten sind, enthalten zwischen 20 und 80 % der recycelten \u00fcbersch\u00fcssigen Rohstoffe in ihrer Mischung, wobei die wesentlichen Qualit\u00e4ts- und Sicherheitsanforderungen strikt eingehalten werden und stets sichergestellt wird, dass die Kernwerte und -verpflichtungen unseres Unternehmens hinsichtlich der Verarbeitung eingehalten werden.<\/p><p>Durch die Verwendung von \u00fcbrig gebliebenen Rohstoffen stellt Ihnen ein neues Terrazzo-Finish zur Verf\u00fcrgung, mit verschiedenen bunten Aggregaten, sowie das bereits bew\u00e4hrte einheitliche oder \u201eSand\u201c-Finish, in dem die Aggregate unsichtbar sind.<\/p><p>Wenn Sie sich f\u00fcr ein Produkt aus dem \u201eZero Waste Project\u201c entscheiden, spielen Sie eine aktive Rolle in der internationalen Bewegung zur Bewirtschaftung und Verringerung von Industrieabf\u00e4llen.<\/p><p>Um mehr \u00fcber die Produkte zu erfahren, die im Zero Waste-Projekt enthalten sind, suchen Sie nach dem Recycling-Banner mit dem einzigartigen Prozentsatz der Zero-Waste-Materialien, die in jedem Produkt enthalten sind. Diese Produkte tragen dazu bei, den Anforderungen f\u00fcr \u201eRecycling-Content\u201c Credit im Rahmen von LEED\u00ae zu entsprechen. <\/p>\t\t\t\t\t\t\t\t<\/div>\n\t\t\t\t<\/div>\n\t\t\t\t<\/div>\n\t\t<div class=\"elementor-element elementor-element-0b6ad8d e-flex e-con-boxed e-con e-parent\" data-id=\"0b6ad8d\" data-element_type=\"container\" data-e-type=\"container\">\n\t\t\t\t\t<div class=\"e-con-inner\">\n\t\t\t\t<div class=\"elementor-element elementor-element-77e7413 gallery-spacing-custom elementor-widget elementor-widget-image-gallery\" data-id=\"77e7413\" data-element_type=\"widget\" data-e-type=\"widget\" data-widget_type=\"image-gallery.default\">\n\t\t\t\t\t\t\t<div class=\"elementor-image-gallery\">\n\t\t\t<div id='gallery-1' class='gallery galleryid-30791 gallery-columns-3 gallery-size-medium_large'><figure class='gallery-item'>\n\t\t\t<div class='gallery-icon landscape'>\n\t\t\t\t<a data-elementor-open-lightbox=\"yes\" data-elementor-lightbox-slideshow=\"77e7413\" data-elementor-lightbox-title=\"Grey Rubble Closeup\" data-e-action-hash=\"#elementor-action%3Aaction%3Dlightbox%26settings%3DeyJpZCI6MzA3NjIsInVybCI6Imh0dHBzOlwvXC91cmJpZXRvcmJpLmdyXC93cC1jb250ZW50XC91cGxvYWRzXC8yMDI1XC8xMFwvR3JleV9ydWJibGVfY2xvc2V1cC5qcGciLCJzbGlkZXNob3ciOiI3N2U3NDEzIn0%3D\" href='https:\/\/urbietorbi.gr\/wp-content\/uploads\/2025\/10\/Grey_rubble_closeup.jpg'><img fetchpriority=\"high\" decoding=\"async\" width=\"768\" height=\"511\" src=\"https:\/\/urbietorbi.gr\/wp-content\/uploads\/2025\/10\/Grey_rubble_closeup-768x511.jpg\" class=\"attachment-medium_large size-medium_large\" alt=\"\" srcset=\"https:\/\/urbietorbi.gr\/wp-content\/uploads\/2025\/10\/Grey_rubble_closeup-768x511.jpg 768w, https:\/\/urbietorbi.gr\/wp-content\/uploads\/2025\/10\/Grey_rubble_closeup-300x200.jpg 300w, https:\/\/urbietorbi.gr\/wp-content\/uploads\/2025\/10\/Grey_rubble_closeup-600x400.jpg 600w, https:\/\/urbietorbi.gr\/wp-content\/uploads\/2025\/10\/Grey_rubble_closeup.jpg 1000w\" sizes=\"(max-width: 768px) 100vw, 768px\" \/><\/a>\n\t\t\t<\/div><\/figure><figure class='gallery-item'>\n\t\t\t<div class='gallery-icon landscape'>\n\t\t\t\t<a data-elementor-open-lightbox=\"yes\" data-elementor-lightbox-slideshow=\"77e7413\" data-elementor-lightbox-title=\"GREEn Rubble Closeup\" data-e-action-hash=\"#elementor-action%3Aaction%3Dlightbox%26settings%3DeyJpZCI6MzA3NjcsInVybCI6Imh0dHBzOlwvXC91cmJpZXRvcmJpLmdyXC93cC1jb250ZW50XC91cGxvYWRzXC8yMDI1XC8xMFwvR1JFRW5fcnViYmxlX2Nsb3NldXAuanBnIiwic2xpZGVzaG93IjoiNzdlNzQxMyJ9\" href='https:\/\/urbietorbi.gr\/wp-content\/uploads\/2025\/10\/GREEn_rubble_closeup.jpg'><img decoding=\"async\" width=\"768\" height=\"511\" src=\"https:\/\/urbietorbi.gr\/wp-content\/uploads\/2025\/10\/GREEn_rubble_closeup-768x511.jpg\" class=\"attachment-medium_large size-medium_large\" alt=\"recycled concrete products made from dust and fragments\" srcset=\"https:\/\/urbietorbi.gr\/wp-content\/uploads\/2025\/10\/GREEn_rubble_closeup-768x511.jpg 768w, https:\/\/urbietorbi.gr\/wp-content\/uploads\/2025\/10\/GREEn_rubble_closeup-300x200.jpg 300w, https:\/\/urbietorbi.gr\/wp-content\/uploads\/2025\/10\/GREEn_rubble_closeup-600x400.jpg 600w, https:\/\/urbietorbi.gr\/wp-content\/uploads\/2025\/10\/GREEn_rubble_closeup.jpg 1000w\" sizes=\"(max-width: 768px) 100vw, 768px\" \/><\/a>\n\t\t\t<\/div><\/figure><figure class='gallery-item'>\n\t\t\t<div class='gallery-icon landscape'>\n\t\t\t\t<a data-elementor-open-lightbox=\"yes\" data-elementor-lightbox-slideshow=\"77e7413\" data-elementor-lightbox-title=\"Copylow Res Site 1\" data-e-action-hash=\"#elementor-action%3Aaction%3Dlightbox%26settings%3DeyJpZCI6MzA3NDcsInVybCI6Imh0dHBzOlwvXC91cmJpZXRvcmJpLmdyXC93cC1jb250ZW50XC91cGxvYWRzXC8yMDI1XC8xMFwvQ29weWxvdy1yZXMtc2l0ZS0xLmpwZyIsInNsaWRlc2hvdyI6Ijc3ZTc0MTMifQ%3D%3D\" href='https:\/\/urbietorbi.gr\/wp-content\/uploads\/2025\/10\/Copylow-res-site-1.jpg'><img loading=\"lazy\" decoding=\"async\" width=\"768\" height=\"511\" src=\"https:\/\/urbietorbi.gr\/wp-content\/uploads\/2025\/10\/Copylow-res-site-1-768x511.jpg\" class=\"attachment-medium_large size-medium_large\" alt=\"recycled concrete products made from dust and fragments\" srcset=\"https:\/\/urbietorbi.gr\/wp-content\/uploads\/2025\/10\/Copylow-res-site-1-768x511.jpg 768w, https:\/\/urbietorbi.gr\/wp-content\/uploads\/2025\/10\/Copylow-res-site-1-300x200.jpg 300w, https:\/\/urbietorbi.gr\/wp-content\/uploads\/2025\/10\/Copylow-res-site-1-600x400.jpg 600w, https:\/\/urbietorbi.gr\/wp-content\/uploads\/2025\/10\/Copylow-res-site-1.jpg 1000w\" sizes=\"(max-width: 768px) 100vw, 768px\" \/><\/a>\n\t\t\t<\/div><\/figure><figure class='gallery-item'>\n\t\t\t<div class='gallery-icon landscape'>\n\t\t\t\t<a data-elementor-open-lightbox=\"yes\" data-elementor-lightbox-slideshow=\"77e7413\" data-elementor-lightbox-title=\"Concrete Rubble Closeup Hammer\" data-e-action-hash=\"#elementor-action%3Aaction%3Dlightbox%26settings%3DeyJpZCI6MzA3MzIsInVybCI6Imh0dHBzOlwvXC91cmJpZXRvcmJpLmdyXC93cC1jb250ZW50XC91cGxvYWRzXC8yMDI1XC8xMFwvQ29uY3JldGVfcnViYmxlX2Nsb3NldXBfaGFtbWVyLmpwZyIsInNsaWRlc2hvdyI6Ijc3ZTc0MTMifQ%3D%3D\" href='https:\/\/urbietorbi.gr\/wp-content\/uploads\/2025\/10\/Concrete_rubble_closeup_hammer.jpg'><img loading=\"lazy\" decoding=\"async\" width=\"768\" height=\"511\" src=\"https:\/\/urbietorbi.gr\/wp-content\/uploads\/2025\/10\/Concrete_rubble_closeup_hammer-768x511.jpg\" class=\"attachment-medium_large size-medium_large\" alt=\"zero waste concrete design by Urbi et Orbi\" srcset=\"https:\/\/urbietorbi.gr\/wp-content\/uploads\/2025\/10\/Concrete_rubble_closeup_hammer-768x511.jpg 768w, https:\/\/urbietorbi.gr\/wp-content\/uploads\/2025\/10\/Concrete_rubble_closeup_hammer-300x200.jpg 300w, https:\/\/urbietorbi.gr\/wp-content\/uploads\/2025\/10\/Concrete_rubble_closeup_hammer-600x400.jpg 600w, https:\/\/urbietorbi.gr\/wp-content\/uploads\/2025\/10\/Concrete_rubble_closeup_hammer.jpg 1000w\" sizes=\"(max-width: 768px) 100vw, 768px\" \/><\/a>\n\t\t\t<\/div><\/figure><figure class='gallery-item'>\n\t\t\t<div class='gallery-icon landscape'>\n\t\t\t\t<a data-elementor-open-lightbox=\"yes\" data-elementor-lightbox-slideshow=\"77e7413\" data-elementor-lightbox-title=\"Concrete Rubble Closeup Hand\" data-e-action-hash=\"#elementor-action%3Aaction%3Dlightbox%26settings%3DeyJpZCI6MzA3NDIsInVybCI6Imh0dHBzOlwvXC91cmJpZXRvcmJpLmdyXC93cC1jb250ZW50XC91cGxvYWRzXC8yMDI1XC8xMFwvQ29uY3JldGVfcnViYmxlX2Nsb3NldXBfaGFuZC5qcGciLCJzbGlkZXNob3ciOiI3N2U3NDEzIn0%3D\" href='https:\/\/urbietorbi.gr\/wp-content\/uploads\/2025\/10\/Concrete_rubble_closeup_hand.jpg'><img loading=\"lazy\" decoding=\"async\" width=\"768\" height=\"511\" src=\"https:\/\/urbietorbi.gr\/wp-content\/uploads\/2025\/10\/Concrete_rubble_closeup_hand-768x511.jpg\" class=\"attachment-medium_large size-medium_large\" alt=\"zero waste concrete design by Urbi et Orbi\" srcset=\"https:\/\/urbietorbi.gr\/wp-content\/uploads\/2025\/10\/Concrete_rubble_closeup_hand-768x511.jpg 768w, https:\/\/urbietorbi.gr\/wp-content\/uploads\/2025\/10\/Concrete_rubble_closeup_hand-300x200.jpg 300w, https:\/\/urbietorbi.gr\/wp-content\/uploads\/2025\/10\/Concrete_rubble_closeup_hand-600x400.jpg 600w, https:\/\/urbietorbi.gr\/wp-content\/uploads\/2025\/10\/Concrete_rubble_closeup_hand.jpg 1000w\" sizes=\"(max-width: 768px) 100vw, 768px\" \/><\/a>\n\t\t\t<\/div><\/figure><figure class='gallery-item'>\n\t\t\t<div class='gallery-icon landscape'>\n\t\t\t\t<a data-elementor-open-lightbox=\"yes\" data-elementor-lightbox-slideshow=\"77e7413\" data-elementor-lightbox-title=\"Concrete Rubble Closeup Hand Pebble\" data-e-action-hash=\"#elementor-action%3Aaction%3Dlightbox%26settings%3DeyJpZCI6MzA3MzcsInVybCI6Imh0dHBzOlwvXC91cmJpZXRvcmJpLmdyXC93cC1jb250ZW50XC91cGxvYWRzXC8yMDI1XC8xMFwvQ29uY3JldGVfcnViYmxlX2Nsb3NldXBfaGFuZF9wZWJibGUuanBnIiwic2xpZGVzaG93IjoiNzdlNzQxMyJ9\" href='https:\/\/urbietorbi.gr\/wp-content\/uploads\/2025\/10\/Concrete_rubble_closeup_hand_pebble.jpg'><img loading=\"lazy\" decoding=\"async\" width=\"768\" height=\"511\" src=\"https:\/\/urbietorbi.gr\/wp-content\/uploads\/2025\/10\/Concrete_rubble_closeup_hand_pebble-768x511.jpg\" class=\"attachment-medium_large size-medium_large\" alt=\"zero waste concrete design by Urbi et Orbi\" srcset=\"https:\/\/urbietorbi.gr\/wp-content\/uploads\/2025\/10\/Concrete_rubble_closeup_hand_pebble-768x511.jpg 768w, https:\/\/urbietorbi.gr\/wp-content\/uploads\/2025\/10\/Concrete_rubble_closeup_hand_pebble-300x200.jpg 300w, https:\/\/urbietorbi.gr\/wp-content\/uploads\/2025\/10\/Concrete_rubble_closeup_hand_pebble-600x400.jpg 600w, https:\/\/urbietorbi.gr\/wp-content\/uploads\/2025\/10\/Concrete_rubble_closeup_hand_pebble.jpg 1000w\" sizes=\"(max-width: 768px) 100vw, 768px\" \/><\/a>\n\t\t\t<\/div><\/figure><figure class='gallery-item'>\n\t\t\t<div class='gallery-icon landscape'>\n\t\t\t\t<a data-elementor-open-lightbox=\"yes\" data-elementor-lightbox-slideshow=\"77e7413\" data-elementor-lightbox-title=\"DSC 4028 Copy\" data-e-action-hash=\"#elementor-action%3Aaction%3Dlightbox%26settings%3DeyJpZCI6MzA3NTIsInVybCI6Imh0dHBzOlwvXC91cmJpZXRvcmJpLmdyXC93cC1jb250ZW50XC91cGxvYWRzXC8yMDI1XC8xMFwvRFNDXzQwMjgtY29weS5qcGciLCJzbGlkZXNob3ciOiI3N2U3NDEzIn0%3D\" href='https:\/\/urbietorbi.gr\/wp-content\/uploads\/2025\/10\/DSC_4028-copy.jpg'><img loading=\"lazy\" decoding=\"async\" width=\"768\" height=\"511\" src=\"https:\/\/urbietorbi.gr\/wp-content\/uploads\/2025\/10\/DSC_4028-copy-768x511.jpg\" class=\"attachment-medium_large size-medium_large\" alt=\"recycled concrete products made from dust and fragments\" srcset=\"https:\/\/urbietorbi.gr\/wp-content\/uploads\/2025\/10\/DSC_4028-copy-768x511.jpg 768w, https:\/\/urbietorbi.gr\/wp-content\/uploads\/2025\/10\/DSC_4028-copy-300x200.jpg 300w, https:\/\/urbietorbi.gr\/wp-content\/uploads\/2025\/10\/DSC_4028-copy-600x400.jpg 600w, https:\/\/urbietorbi.gr\/wp-content\/uploads\/2025\/10\/DSC_4028-copy.jpg 1000w\" sizes=\"(max-width: 768px) 100vw, 768px\" \/><\/a>\n\t\t\t<\/div><\/figure><figure class='gallery-item'>\n\t\t\t<div class='gallery-icon landscape'>\n\t\t\t\t<a data-elementor-open-lightbox=\"yes\" data-elementor-lightbox-slideshow=\"77e7413\" data-elementor-lightbox-title=\"DSC 4031 Copy\" data-e-action-hash=\"#elementor-action%3Aaction%3Dlightbox%26settings%3DeyJpZCI6MzA3NTcsInVybCI6Imh0dHBzOlwvXC91cmJpZXRvcmJpLmdyXC93cC1jb250ZW50XC91cGxvYWRzXC8yMDI1XC8xMFwvRFNDXzQwMzEtY29weS5qcGciLCJzbGlkZXNob3ciOiI3N2U3NDEzIn0%3D\" href='https:\/\/urbietorbi.gr\/wp-content\/uploads\/2025\/10\/DSC_4031-copy.jpg'><img loading=\"lazy\" decoding=\"async\" width=\"768\" height=\"511\" src=\"https:\/\/urbietorbi.gr\/wp-content\/uploads\/2025\/10\/DSC_4031-copy-768x511.jpg\" class=\"attachment-medium_large size-medium_large\" alt=\"sustainable concrete materials \u2013 Zero Waste Project\" srcset=\"https:\/\/urbietorbi.gr\/wp-content\/uploads\/2025\/10\/DSC_4031-copy-768x511.jpg 768w, https:\/\/urbietorbi.gr\/wp-content\/uploads\/2025\/10\/DSC_4031-copy-300x200.jpg 300w, https:\/\/urbietorbi.gr\/wp-content\/uploads\/2025\/10\/DSC_4031-copy-600x400.jpg 600w, https:\/\/urbietorbi.gr\/wp-content\/uploads\/2025\/10\/DSC_4031-copy.jpg 1000w\" sizes=\"(max-width: 768px) 100vw, 768px\" \/><\/a>\n\t\t\t<\/div><\/figure>\n\t\t<\/div>\n\t\t<\/div>\n\t\t\t\t\t\t<\/div>\n\t\t\t\t\t<\/div>\n\t\t\t\t<\/div>\n\t\t<div class=\"elementor-element elementor-element-57b1bd9 e-flex e-con-boxed e-con e-parent\" data-id=\"57b1bd9\" data-element_type=\"container\" data-e-type=\"container\">\n\t\t\t\t\t<div class=\"e-con-inner\">\n\t\t\t\t<div class=\"elementor-element elementor-element-ac4ab3d elementor-widget elementor-widget-video\" data-id=\"ac4ab3d\" data-element_type=\"widget\" data-e-type=\"widget\" data-settings=\"{&quot;youtube_url&quot;:&quot;https:\\\/\\\/youtu.be\\\/g-zpnDHN9Xc&quot;,&quot;video_type&quot;:&quot;youtube&quot;,&quot;controls&quot;:&quot;yes&quot;}\" data-widget_type=\"video.default\">\n\t\t\t\t\t\t\t<div class=\"elementor-wrapper elementor-open-inline\">\n\t\t\t<div class=\"elementor-video\"><\/div>\t\t<\/div>\n\t\t\t\t\t\t<\/div>\n\t\t\t\t\t<\/div>\n\t\t\t\t<\/div>\n\t\t<div class=\"elementor-element elementor-element-b3b4818 e-flex e-con-boxed e-con e-parent\" data-id=\"b3b4818\" data-element_type=\"container\" data-e-type=\"container\">\n\t\t\t\t\t<div class=\"e-con-inner\">\n\t\t\t\t<div class=\"elementor-element elementor-element-953b4db elementor-widget elementor-widget-video\" data-id=\"953b4db\" data-element_type=\"widget\" data-e-type=\"widget\" data-settings=\"{&quot;youtube_url&quot;:&quot;https:\\\/\\\/www.youtube.com\\\/watch?v=hi2uMaMaK0c&quot;,&quot;video_type&quot;:&quot;youtube&quot;,&quot;controls&quot;:&quot;yes&quot;}\" data-widget_type=\"video.default\">\n\t\t\t\t\t\t\t<div class=\"elementor-wrapper elementor-open-inline\">\n\t\t\t<div class=\"elementor-video\"><\/div>\t\t<\/div>\n\t\t\t\t\t\t<\/div>\n\t\t\t\t\t<\/div>\n\t\t\t\t<\/div>\n\t\t\t\t<\/div>\n\t\t","protected":false},"excerpt":{"rendered":"<p>ZERO-WASTE-PROJEKT Was \u00fcblicherweise als Industrieabfall bezeichnet wird, nennen wir Sekund\u00e4rrohstoffe. Im Jahr 2020 startete Urbi et Orbi eine Initiative zur Kreislaufwirtschaft mit dem Namen \u201eZero Waste Project\u201c. Durch die Verwendung und Umnutzung unserer Industrieabf\u00e4lle tragen wir dem\u00fctig zu den globalen Nachhaltigkeitsbem\u00fchungen bei, die Abfalll\u00fccke zu schlie\u00dfen. Wie gelingt uns das? Die \u00fcbrig gebliebenen Betonschuttteile ersetzen [&hellip;]<\/p>\n","protected":false},"author":1,"featured_media":0,"parent":0,"menu_order":0,"comment_status":"closed","ping_status":"closed","template":"","meta":{"_acf_changed":false,"inline_featured_image":false,"footnotes":""},"class_list":["post-30791","page","type-page","status-publish","hentry"],"acf":[],"_links":{"self":[{"href":"https:\/\/urbietorbi.gr\/de\/wp-json\/wp\/v2\/pages\/30791","targetHints":{"allow":["GET"]}}],"collection":[{"href":"https:\/\/urbietorbi.gr\/de\/wp-json\/wp\/v2\/pages"}],"about":[{"href":"https:\/\/urbietorbi.gr\/de\/wp-json\/wp\/v2\/types\/page"}],"author":[{"embeddable":true,"href":"https:\/\/urbietorbi.gr\/de\/wp-json\/wp\/v2\/users\/1"}],"replies":[{"embeddable":true,"href":"https:\/\/urbietorbi.gr\/de\/wp-json\/wp\/v2\/comments?post=30791"}],"version-history":[{"count":4,"href":"https:\/\/urbietorbi.gr\/de\/wp-json\/wp\/v2\/pages\/30791\/revisions"}],"predecessor-version":[{"id":35995,"href":"https:\/\/urbietorbi.gr\/de\/wp-json\/wp\/v2\/pages\/30791\/revisions\/35995"}],"wp:attachment":[{"href":"https:\/\/urbietorbi.gr\/de\/wp-json\/wp\/v2\/media?parent=30791"}],"curies":[{"name":"wp","href":"https:\/\/api.w.org\/{rel}","templated":true}]}}